{"id":77,"date":"2023-01-28T09:15:36","date_gmt":"2023-01-28T08:15:36","guid":{"rendered":"https:\/\/botos.rs\/?page_id=77"},"modified":"2023-02-03T16:17:33","modified_gmt":"2023-02-03T15:17:33","slug":"livnica","status":"publish","type":"page","link":"https:\/\/botos.rs\/de\/livnica\/","title":{"rendered":"FEINE GIESSEREI"},"content":{"rendered":"<div data-elementor-type=\"wp-page\" data-elementor-id=\"77\" class=\"elementor elementor-77\">\n\t\t\t\t\t\t\t\t\t<section class=\"has_eae_slider elementor-section elementor-top-section elementor-element elementor-element-87236e6 animated-fast elementor-section-boxed elementor-section-height-default elementor-section-height-default elementor-invisible\" data-id=\"87236e6\" data-element_type=\"section\" data-settings=\"{&quot;animation&quot;:&quot;zoomIn&quot;}\">\n\t\t\t\t\t\t<div class=\"elementor-container elementor-column-gap-default\">\n\t\t\t\t\t<div class=\"has_eae_slider elementor-column elementor-col-100 elementor-top-column elementor-element elementor-element-88a8c38\" data-id=\"88a8c38\" data-element_type=\"column\">\n\t\t\t<div class=\"elementor-widget-wrap elementor-element-populated\">\n\t\t\t\t\t\t\t\t<div class=\"elementor-element elementor-element-583928a elementor-widget elementor-widget-heading\" data-id=\"583928a\" data-element_type=\"widget\" data-widget_type=\"heading.default\">\n\t\t\t\t<div class=\"elementor-widget-container\">\n\t\t\t<style>\/*! elementor - v3.6.7 - 03-07-2022 *\/\n.elementor-heading-title{padding:0;margin:0;line-height:1}.elementor-widget-heading .elementor-heading-title[class*=elementor-size-]>a{color:inherit;font-size:inherit;line-height:inherit}.elementor-widget-heading .elementor-heading-title.elementor-size-small{font-size:15px}.elementor-widget-heading .elementor-heading-title.elementor-size-medium{font-size:19px}.elementor-widget-heading .elementor-heading-title.elementor-size-large{font-size:29px}.elementor-widget-heading .elementor-heading-title.elementor-size-xl{font-size:39px}.elementor-widget-heading .elementor-heading-title.elementor-size-xxl{font-size:59px}<\/style><h1 class=\"elementor-heading-title elementor-size-default\">FEINE GIESSEREI<\/h1>\t\t<\/div>\n\t\t\t\t<\/div>\n\t\t\t\t<div class=\"elementor-element elementor-element-7e94ae5 elementor-widget-divider--view-line elementor-widget elementor-widget-divider\" data-id=\"7e94ae5\" data-element_type=\"widget\" data-widget_type=\"divider.default\">\n\t\t\t\t<div class=\"elementor-widget-container\">\n\t\t\t<style>\/*! elementor - v3.6.7 - 03-07-2022 *\/\n.elementor-widget-divider{--divider-border-style:none;--divider-border-width:1px;--divider-color:#2c2c2c;--divider-icon-size:20px;--divider-element-spacing:10px;--divider-pattern-height:24px;--divider-pattern-size:20px;--divider-pattern-url:none;--divider-pattern-repeat:repeat-x}.elementor-widget-divider .elementor-divider{display:-webkit-box;display:-ms-flexbox;display:flex}.elementor-widget-divider .elementor-divider__text{font-size:15px;line-height:1;max-width:95%}.elementor-widget-divider .elementor-divider__element{margin:0 var(--divider-element-spacing);-ms-flex-negative:0;flex-shrink:0}.elementor-widget-divider .elementor-icon{font-size:var(--divider-icon-size)}.elementor-widget-divider .elementor-divider-separator{display:-webkit-box;display:-ms-flexbox;display:flex;margin:0;direction:ltr}.elementor-widget-divider--view-line_icon .elementor-divider-separator,.elementor-widget-divider--view-line_text .elementor-divider-separator{-webkit-box-align:center;-ms-flex-align:center;align-items:center}.elementor-widget-divider--view-line_icon .elementor-divider-separator:after,.elementor-widget-divider--view-line_icon .elementor-divider-separator:before,.elementor-widget-divider--view-line_text .elementor-divider-separator:after,.elementor-widget-divider--view-line_text .elementor-divider-separator:before{display:block;content:\"\";border-bottom:0;-webkit-box-flex:1;-ms-flex-positive:1;flex-grow:1;border-top:var(--divider-border-width) var(--divider-border-style) var(--divider-color)}.elementor-widget-divider--element-align-left .elementor-divider .elementor-divider-separator>.elementor-divider__svg:first-of-type{-webkit-box-flex:0;-ms-flex-positive:0;flex-grow:0;-ms-flex-negative:100;flex-shrink:100}.elementor-widget-divider--element-align-left .elementor-divider-separator:before{content:none}.elementor-widget-divider--element-align-left .elementor-divider__element{margin-left:0}.elementor-widget-divider--element-align-right .elementor-divider .elementor-divider-separator>.elementor-divider__svg:last-of-type{-webkit-box-flex:0;-ms-flex-positive:0;flex-grow:0;-ms-flex-negative:100;flex-shrink:100}.elementor-widget-divider--element-align-right .elementor-divider-separator:after{content:none}.elementor-widget-divider--element-align-right .elementor-divider__element{margin-right:0}.elementor-widget-divider:not(.elementor-widget-divider--view-line_text):not(.elementor-widget-divider--view-line_icon) .elementor-divider-separator{border-top:var(--divider-border-width) var(--divider-border-style) var(--divider-color)}.elementor-widget-divider--separator-type-pattern{--divider-border-style:none}.elementor-widget-divider--separator-type-pattern.elementor-widget-divider--view-line .elementor-divider-separator,.elementor-widget-divider--separator-type-pattern:not(.elementor-widget-divider--view-line) .elementor-divider-separator:after,.elementor-widget-divider--separator-type-pattern:not(.elementor-widget-divider--view-line) .elementor-divider-separator:before,.elementor-widget-divider--separator-type-pattern:not([class*=elementor-widget-divider--view]) .elementor-divider-separator{width:100%;min-height:var(--divider-pattern-height);-webkit-mask-size:var(--divider-pattern-size) 100%;mask-size:var(--divider-pattern-size) 100%;-webkit-mask-repeat:var(--divider-pattern-repeat);mask-repeat:var(--divider-pattern-repeat);background-color:var(--divider-color);-webkit-mask-image:var(--divider-pattern-url);mask-image:var(--divider-pattern-url)}.elementor-widget-divider--no-spacing{--divider-pattern-size:auto}.elementor-widget-divider--bg-round{--divider-pattern-repeat:round}.rtl .elementor-widget-divider .elementor-divider__text{direction:rtl}<\/style>\t\t<div class=\"elementor-divider\">\n\t\t\t<span class=\"elementor-divider-separator\">\n\t\t\t\t\t\t<\/span>\n\t\t<\/div>\n\t\t\t\t<\/div>\n\t\t\t\t<\/div>\n\t\t\t\t<div class=\"elementor-element elementor-element-f24e015 elementor-widget elementor-widget-text-editor\" data-id=\"f24e015\" data-element_type=\"widget\" data-widget_type=\"text-editor.default\">\n\t\t\t\t<div class=\"elementor-widget-container\">\n\t\t\t<style>\/*! elementor - v3.6.7 - 03-07-2022 *\/\n.elementor-widget-text-editor.elementor-drop-cap-view-stacked .elementor-drop-cap{background-color:#818a91;color:#fff}.elementor-widget-text-editor.elementor-drop-cap-view-framed .elementor-drop-cap{color:#818a91;border:3px solid;background-color:transparent}.elementor-widget-text-editor:not(.elementor-drop-cap-view-default) .elementor-drop-cap{margin-top:8px}.elementor-widget-text-editor:not(.elementor-drop-cap-view-default) .elementor-drop-cap-letter{width:1em;height:1em}.elementor-widget-text-editor .elementor-drop-cap{float:left;text-align:center;line-height:1;font-size:50px}.elementor-widget-text-editor .elementor-drop-cap-letter{display:inline-block}<\/style>\t\t\t\t<div class=\"field field-name-body field-type-text-with-summary field-label-hidden\"><div class=\"field-items\"><div class=\"field-item even\"><div class=\"field field-name-body field-type-text-with-summary field-label-hidden\"><div class=\"field-items\"><div class=\"field-item even\"><div class=\"field field-name-body field-type-text-with-summary field-label-hidden\"><div class=\"field-items\"><div class=\"field-item even\"><p>Finom\u00f6nt\u00f6d\u00e9nk 1996-ban alakult. Rendelkez\u00fcnk 25 kil\u00f3grammos indukci\u00f3s olvaszt\u00f3 k\u00e1lyh\u00e1val, valamint komplett felszerel\u00e9ssel a finom\u00f6nt\u00f6d\u00e9hez.<\/p><p>\u00c9vente t\u00f6bb sz\u00e1z f\u00e9le term\u00e9ket gy\u00e1rtunk. \u00dczem\u00fcnkben v\u00e1llaljuk finom\u00f6ntv\u00e9nyek le\u00f6nt\u00e9s\u00e9t.<\/p><p>Jellemz\u0151 \u00f6ntv\u00e9nyeink k\u00f6z\u00fcl bemutatunk n\u00e9h\u00e1nyat a Term\u00e9kek men\u00fcpont alatt a teljess\u00e9g ig\u00e9nye n\u00e9lk\u00fcl.<\/p><p>Ha term\u00e9keinkr\u0151l b\u0151vebb ismertet\u0151t szeretne, k\u00e9rem \u00e9rdekl\u0151dj\u00f6n szem\u00e9lyesen, vagy egy\u00e9b el\u00e9rhet\u0151s\u00e9geinkn\u00e9l.<\/p><\/div><\/div><\/div><\/div><\/div><\/div><\/div><\/div><\/div>\t\t\t\t\t\t<\/div>\n\t\t\t\t<\/div>\n\t\t\t\t<section class=\"has_eae_slider elementor-section elementor-inner-section elementor-element elementor-element-afd2ff8 elementor-section-full_width elementor-section-height-default elementor-section-height-default\" data-id=\"afd2ff8\" data-element_type=\"section\">\n\t\t\t\t\t\t<div class=\"elementor-container elementor-column-gap-default\">\n\t\t\t\t\t<div class=\"has_eae_slider elementor-column elementor-col-33 elementor-inner-column elementor-element elementor-element-2dd4c16\" data-id=\"2dd4c16\" data-element_type=\"column\">\n\t\t\t<div class=\"elementor-widget-wrap elementor-element-populated\">\n\t\t\t\t\t\t\t\t<div class=\"elementor-element elementor-element-9fcca2e elementor-widget elementor-widget-image\" data-id=\"9fcca2e\" data-element_type=\"widget\" data-widget_type=\"image.default\">\n\t\t\t\t<div class=\"elementor-widget-container\">\n\t\t\t<style>\/*! elementor - v3.6.7 - 03-07-2022 *\/\n.elementor-widget-image{text-align:center}.elementor-widget-image a{display:inline-block}.elementor-widget-image a img[src$=\".svg\"]{width:48px}.elementor-widget-image img{vertical-align:middle;display:inline-block}<\/style>\t\t\t\t\t\t\t\t\t\t\t\t\t<a href=\"https:\/\/botos.rs\/wp-content\/uploads\/2023\/01\/ontode4.jpg\" data-elementor-open-lightbox=\"yes\" data-elementor-lightbox-title=\"ontode4\" e-action-hash=\"#elementor-action%3Aaction%3Dlightbox%26settings%3DeyJpZCI6MTA0OSwidXJsIjoiaHR0cHM6XC9cL2JvdG9zLnJzXC93cC1jb250ZW50XC91cGxvYWRzXC8yMDIzXC8wMVwvb250b2RlNC5qcGcifQ%3D%3D\">\n\t\t\t\t\t\t\t<img loading=\"lazy\" decoding=\"async\" width=\"450\" height=\"582\" src=\"https:\/\/botos.rs\/wp-content\/uploads\/2023\/01\/ontode4.jpg\" class=\"attachment-full size-full\" alt=\"\" srcset=\"https:\/\/botos.rs\/wp-content\/uploads\/2023\/01\/ontode4.jpg 450w, https:\/\/botos.rs\/wp-content\/uploads\/2023\/01\/ontode4-232x300.jpg 232w\" sizes=\"auto, (max-width: 450px) 100vw, 450px\" \/>\t\t\t\t\t\t\t\t<\/a>\n\t\t\t\t\t\t\t\t\t\t\t\t\t\t\t<\/div>\n\t\t\t\t<\/div>\n\t\t\t\t\t<\/div>\n\t\t<\/div>\n\t\t\t\t<div class=\"has_eae_slider elementor-column elementor-col-33 elementor-inner-column elementor-element elementor-element-167e247\" data-id=\"167e247\" data-element_type=\"column\">\n\t\t\t<div class=\"elementor-widget-wrap elementor-element-populated\">\n\t\t\t\t\t\t\t\t<div class=\"elementor-element elementor-element-8fb6fbf elementor-widget elementor-widget-image\" data-id=\"8fb6fbf\" data-element_type=\"widget\" data-widget_type=\"image.default\">\n\t\t\t\t<div class=\"elementor-widget-container\">\n\t\t\t\t\t\t\t\t\t\t\t\t\t\t\t\t<a href=\"https:\/\/botos.rs\/wp-content\/uploads\/2023\/01\/ontode1.jpg\" data-elementor-open-lightbox=\"yes\" data-elementor-lightbox-title=\"ontode1\" e-action-hash=\"#elementor-action%3Aaction%3Dlightbox%26settings%3DeyJpZCI6MTA0OCwidXJsIjoiaHR0cHM6XC9cL2JvdG9zLnJzXC93cC1jb250ZW50XC91cGxvYWRzXC8yMDIzXC8wMVwvb250b2RlMS5qcGcifQ%3D%3D\">\n\t\t\t\t\t\t\t<img loading=\"lazy\" decoding=\"async\" width=\"450\" height=\"338\" src=\"https:\/\/botos.rs\/wp-content\/uploads\/2023\/01\/ontode1.jpg\" class=\"attachment-large size-large\" alt=\"\" srcset=\"https:\/\/botos.rs\/wp-content\/uploads\/2023\/01\/ontode1.jpg 450w, https:\/\/botos.rs\/wp-content\/uploads\/2023\/01\/ontode1-300x225.jpg 300w\" sizes=\"auto, (max-width: 450px) 100vw, 450px\" \/>\t\t\t\t\t\t\t\t<\/a>\n\t\t\t\t\t\t\t\t\t\t\t\t\t\t\t<\/div>\n\t\t\t\t<\/div>\n\t\t\t\t<div class=\"elementor-element elementor-element-61a7799 elementor-widget elementor-widget-image\" data-id=\"61a7799\" data-element_type=\"widget\" data-widget_type=\"image.default\">\n\t\t\t\t<div class=\"elementor-widget-container\">\n\t\t\t\t\t\t\t\t\t\t\t\t\t\t\t\t<a href=\"https:\/\/botos.rs\/wp-content\/uploads\/2023\/01\/ontode2.jpg\" data-elementor-open-lightbox=\"yes\" data-elementor-lightbox-title=\"ontode2\" e-action-hash=\"#elementor-action%3Aaction%3Dlightbox%26settings%3DeyJpZCI6MTA0NywidXJsIjoiaHR0cHM6XC9cL2JvdG9zLnJzXC93cC1jb250ZW50XC91cGxvYWRzXC8yMDIzXC8wMVwvb250b2RlMi5qcGcifQ%3D%3D\">\n\t\t\t\t\t\t\t<img loading=\"lazy\" decoding=\"async\" width=\"450\" height=\"338\" src=\"https:\/\/botos.rs\/wp-content\/uploads\/2023\/01\/ontode2.jpg\" class=\"attachment-large size-large\" alt=\"\" srcset=\"https:\/\/botos.rs\/wp-content\/uploads\/2023\/01\/ontode2.jpg 450w, https:\/\/botos.rs\/wp-content\/uploads\/2023\/01\/ontode2-300x225.jpg 300w\" sizes=\"auto, (max-width: 450px) 100vw, 450px\" \/>\t\t\t\t\t\t\t\t<\/a>\n\t\t\t\t\t\t\t\t\t\t\t\t\t\t\t<\/div>\n\t\t\t\t<\/div>\n\t\t\t\t\t<\/div>\n\t\t<\/div>\n\t\t\t\t<div class=\"has_eae_slider elementor-column elementor-col-33 elementor-inner-column elementor-element elementor-element-7c72e42\" data-id=\"7c72e42\" data-element_type=\"column\">\n\t\t\t<div class=\"elementor-widget-wrap elementor-element-populated\">\n\t\t\t\t\t\t\t\t<div class=\"elementor-element elementor-element-cf44d2c elementor-widget elementor-widget-image\" data-id=\"cf44d2c\" data-element_type=\"widget\" data-widget_type=\"image.default\">\n\t\t\t\t<div class=\"elementor-widget-container\">\n\t\t\t\t\t\t\t\t\t\t\t\t\t\t\t\t<a href=\"https:\/\/botos.rs\/wp-content\/uploads\/2023\/01\/ontode3.jpg\" data-elementor-open-lightbox=\"yes\" data-elementor-lightbox-title=\"ontode3\" e-action-hash=\"#elementor-action%3Aaction%3Dlightbox%26settings%3DeyJpZCI6MTA0NiwidXJsIjoiaHR0cHM6XC9cL2JvdG9zLnJzXC93cC1jb250ZW50XC91cGxvYWRzXC8yMDIzXC8wMVwvb250b2RlMy5qcGcifQ%3D%3D\">\n\t\t\t\t\t\t\t<img loading=\"lazy\" decoding=\"async\" width=\"450\" height=\"582\" src=\"https:\/\/botos.rs\/wp-content\/uploads\/2023\/01\/ontode3.jpg\" class=\"attachment-large size-large\" alt=\"\" srcset=\"https:\/\/botos.rs\/wp-content\/uploads\/2023\/01\/ontode3.jpg 450w, https:\/\/botos.rs\/wp-content\/uploads\/2023\/01\/ontode3-232x300.jpg 232w\" sizes=\"auto, (max-width: 450px) 100vw, 450px\" \/>\t\t\t\t\t\t\t\t<\/a>\n\t\t\t\t\t\t\t\t\t\t\t\t\t\t\t<\/div>\n\t\t\t\t<\/div>\n\t\t\t\t\t<\/div>\n\t\t<\/div>\n\t\t\t\t\t\t\t<\/div>\n\t\t<\/section>\n\t\t\t\t\t<\/div>\n\t\t<\/div>\n\t\t\t\t\t\t\t<\/div>\n\t\t<\/section>\n\t\t\t\t\t\t\t<\/div>","protected":false},"excerpt":{"rendered":"<p>LIVNICA Finom\u00f6nt\u00f6d\u00e9nk 1996-ban alakult. Rendelkez\u00fcnk 25 kil\u00f3grammos indukci\u00f3s olvaszt\u00f3 k\u00e1lyh\u00e1val, valamint komplett felszerel\u00e9ssel a finom\u00f6nt\u00f6d\u00e9hez. \u00c9vente t\u00f6bb sz\u00e1z f\u00e9le term\u00e9ket gy\u00e1rtunk. \u00dczem\u00fcnkben v\u00e1llaljuk finom\u00f6ntv\u00e9nyek le\u00f6nt\u00e9s\u00e9t. Jellemz\u0151 \u00f6ntv\u00e9nyeink k\u00f6z\u00fcl bemutatunk n\u00e9h\u00e1nyat a Term\u00e9kek men\u00fcpont alatt a teljess\u00e9g ig\u00e9nye n\u00e9lk\u00fcl. Ha term\u00e9keinkr\u0151l b\u0151vebb ismertet\u0151t szeretne, k\u00e9rem \u00e9rdekl\u0151dj\u00f6n szem\u00e9lyesen, vagy egy\u00e9b el\u00e9rhet\u0151s\u00e9geinkn\u00e9l.<\/p>","protected":false},"author":1,"featured_media":2296,"parent":0,"menu_order":0,"comment_status":"closed","ping_status":"closed","template":"","meta":{"footnotes":""},"class_list":["post-77","page","type-page","status-publish","has-post-thumbnail","hentry"],"_links":{"self":[{"href":"https:\/\/botos.rs\/de\/wp-json\/wp\/v2\/pages\/77","targetHints":{"allow":["GET"]}}],"collection":[{"href":"https:\/\/botos.rs\/de\/wp-json\/wp\/v2\/pages"}],"about":[{"href":"https:\/\/botos.rs\/de\/wp-json\/wp\/v2\/types\/page"}],"author":[{"embeddable":true,"href":"https:\/\/botos.rs\/de\/wp-json\/wp\/v2\/users\/1"}],"replies":[{"embeddable":true,"href":"https:\/\/botos.rs\/de\/wp-json\/wp\/v2\/comments?post=77"}],"version-history":[{"count":8,"href":"https:\/\/botos.rs\/de\/wp-json\/wp\/v2\/pages\/77\/revisions"}],"predecessor-version":[{"id":2304,"href":"https:\/\/botos.rs\/de\/wp-json\/wp\/v2\/pages\/77\/revisions\/2304"}],"wp:featuredmedia":[{"embeddable":true,"href":"https:\/\/botos.rs\/de\/wp-json\/wp\/v2\/media\/2296"}],"wp:attachment":[{"href":"https:\/\/botos.rs\/de\/wp-json\/wp\/v2\/media?parent=77"}],"curies":[{"name":"wp","href":"https:\/\/api.w.org\/{rel}","templated":true}]}}