{"id":77,"date":"2023-01-28T09:15:36","date_gmt":"2023-01-28T08:15:36","guid":{"rendered":"https:\/\/botos.rs\/?page_id=77"},"modified":"2023-02-03T16:17:33","modified_gmt":"2023-02-03T15:17:33","slug":"livnica","status":"publish","type":"page","link":"https:\/\/botos.rs\/hu\/livnica\/","title":{"rendered":"FINOM\u00d6NT\u00d6DE"},"content":{"rendered":"<div data-elementor-type=\"wp-page\" data-elementor-id=\"77\" class=\"elementor elementor-77\">\n\t\t\t\t\t\t<section class=\"has_eae_slider elementor-section elementor-top-section elementor-element elementor-element-87236e6 animated-fast elementor-section-boxed elementor-section-height-default elementor-section-height-default elementor-invisible\" data-eae-slider=\"14811\" data-id=\"87236e6\" data-element_type=\"section\" data-e-type=\"section\" data-settings=\"{&quot;animation&quot;:&quot;zoomIn&quot;}\">\n\t\t\t\t\t\t<div class=\"elementor-container elementor-column-gap-default\">\n\t\t\t\t\t<div class=\"has_eae_slider elementor-column elementor-col-100 elementor-top-column elementor-element elementor-element-88a8c38\" data-eae-slider=\"6694\" data-id=\"88a8c38\" data-element_type=\"column\" data-e-type=\"column\">\n\t\t\t<div class=\"elementor-widget-wrap elementor-element-populated\">\n\t\t\t\t\t\t<div class=\"elementor-element elementor-element-583928a elementor-widget elementor-widget-heading\" data-id=\"583928a\" data-element_type=\"widget\" data-e-type=\"widget\" data-widget_type=\"heading.default\">\n\t\t\t\t<div class=\"elementor-widget-container\">\n\t\t\t\t\t<h1 class=\"elementor-heading-title elementor-size-default\">FINOM\u00d6NT\u00d6DE<\/h1>\t\t\t\t<\/div>\n\t\t\t\t<\/div>\n\t\t\t\t<div class=\"elementor-element elementor-element-7e94ae5 elementor-widget-divider--view-line elementor-widget elementor-widget-divider\" data-id=\"7e94ae5\" data-element_type=\"widget\" data-e-type=\"widget\" data-widget_type=\"divider.default\">\n\t\t\t\t<div class=\"elementor-widget-container\">\n\t\t\t\t\t\t\t<div class=\"elementor-divider\">\n\t\t\t<span class=\"elementor-divider-separator\">\n\t\t\t\t\t\t<\/span>\n\t\t<\/div>\n\t\t\t\t\t\t<\/div>\n\t\t\t\t<\/div>\n\t\t\t\t<div class=\"elementor-element elementor-element-f24e015 elementor-widget elementor-widget-text-editor\" data-id=\"f24e015\" data-element_type=\"widget\" data-e-type=\"widget\" data-widget_type=\"text-editor.default\">\n\t\t\t\t<div class=\"elementor-widget-container\">\n\t\t\t\t\t\t\t\t\t<div class=\"field field-name-body field-type-text-with-summary field-label-hidden\"><div class=\"field-items\"><div class=\"field-item even\"><div class=\"field field-name-body field-type-text-with-summary field-label-hidden\"><div class=\"field-items\"><div class=\"field-item even\"><div class=\"field field-name-body field-type-text-with-summary field-label-hidden\"><div class=\"field-items\"><div class=\"field-item even\"><p>Finom\u00f6nt\u00f6d\u00e9nk 1996-ban alakult. Rendelkez\u00fcnk 25 kil\u00f3grammos indukci\u00f3s olvaszt\u00f3 k\u00e1lyh\u00e1val, valamint komplett felszerel\u00e9ssel a finom\u00f6nt\u00f6d\u00e9hez.<\/p><p>\u00c9vente t\u00f6bb sz\u00e1z f\u00e9le term\u00e9ket gy\u00e1rtunk. \u00dczem\u00fcnkben v\u00e1llaljuk finom\u00f6ntv\u00e9nyek le\u00f6nt\u00e9s\u00e9t.<\/p><p>Jellemz\u0151 \u00f6ntv\u00e9nyeink k\u00f6z\u00fcl bemutatunk n\u00e9h\u00e1nyat a Term\u00e9kek men\u00fcpont alatt a teljess\u00e9g ig\u00e9nye n\u00e9lk\u00fcl.<\/p><p>Ha term\u00e9keinkr\u0151l b\u0151vebb ismertet\u0151t szeretne, k\u00e9rem \u00e9rdekl\u0151dj\u00f6n szem\u00e9lyesen, vagy egy\u00e9b el\u00e9rhet\u0151s\u00e9geinkn\u00e9l.<\/p><\/div><\/div><\/div><\/div><\/div><\/div><\/div><\/div><\/div>\t\t\t\t\t\t\t\t<\/div>\n\t\t\t\t<\/div>\n\t\t\t\t<section class=\"has_eae_slider elementor-section elementor-inner-section elementor-element elementor-element-afd2ff8 elementor-section-full_width elementor-section-height-default elementor-section-height-default\" data-eae-slider=\"28742\" data-id=\"afd2ff8\" data-element_type=\"section\" data-e-type=\"section\">\n\t\t\t\t\t\t<div class=\"elementor-container elementor-column-gap-default\">\n\t\t\t\t\t<div class=\"has_eae_slider elementor-column elementor-col-33 elementor-inner-column elementor-element elementor-element-2dd4c16\" data-eae-slider=\"31645\" data-id=\"2dd4c16\" data-element_type=\"column\" data-e-type=\"column\">\n\t\t\t<div class=\"elementor-widget-wrap elementor-element-populated\">\n\t\t\t\t\t\t<div class=\"elementor-element elementor-element-9fcca2e elementor-widget elementor-widget-image\" data-id=\"9fcca2e\" data-element_type=\"widget\" data-e-type=\"widget\" data-widget_type=\"image.default\">\n\t\t\t\t<div class=\"elementor-widget-container\">\n\t\t\t\t\t\t\t\t\t\t\t\t\t\t\t\t<a href=\"https:\/\/botos.rs\/wp-content\/uploads\/2023\/01\/ontode4.jpg\" data-elementor-open-lightbox=\"yes\" data-elementor-lightbox-title=\"ontode4\" data-e-action-hash=\"#elementor-action%3Aaction%3Dlightbox%26settings%3DeyJpZCI6MTA0OSwidXJsIjoiaHR0cHM6XC9cL2JvdG9zLnJzXC93cC1jb250ZW50XC91cGxvYWRzXC8yMDIzXC8wMVwvb250b2RlNC5qcGcifQ%3D%3D\">\n\t\t\t\t\t\t\t<img fetchpriority=\"high\" decoding=\"async\" width=\"450\" height=\"582\" src=\"https:\/\/botos.rs\/wp-content\/uploads\/2023\/01\/ontode4.jpg\" class=\"attachment-full size-full wp-image-1049\" alt=\"\" srcset=\"https:\/\/botos.rs\/wp-content\/uploads\/2023\/01\/ontode4.jpg 450w, https:\/\/botos.rs\/wp-content\/uploads\/2023\/01\/ontode4-232x300.jpg 232w\" sizes=\"(max-width: 450px) 100vw, 450px\" \/>\t\t\t\t\t\t\t\t<\/a>\n\t\t\t\t\t\t\t\t\t\t\t\t\t\t\t<\/div>\n\t\t\t\t<\/div>\n\t\t\t\t\t<\/div>\n\t\t<\/div>\n\t\t\t\t<div class=\"has_eae_slider elementor-column elementor-col-33 elementor-inner-column elementor-element elementor-element-167e247\" data-eae-slider=\"41552\" data-id=\"167e247\" data-element_type=\"column\" data-e-type=\"column\">\n\t\t\t<div class=\"elementor-widget-wrap elementor-element-populated\">\n\t\t\t\t\t\t<div class=\"elementor-element elementor-element-8fb6fbf elementor-widget elementor-widget-image\" data-id=\"8fb6fbf\" data-element_type=\"widget\" data-e-type=\"widget\" data-widget_type=\"image.default\">\n\t\t\t\t<div class=\"elementor-widget-container\">\n\t\t\t\t\t\t\t\t\t\t\t\t\t\t\t\t<a href=\"https:\/\/botos.rs\/wp-content\/uploads\/2023\/01\/ontode1.jpg\" data-elementor-open-lightbox=\"yes\" data-elementor-lightbox-title=\"ontode1\" data-e-action-hash=\"#elementor-action%3Aaction%3Dlightbox%26settings%3DeyJpZCI6MTA0OCwidXJsIjoiaHR0cHM6XC9cL2JvdG9zLnJzXC93cC1jb250ZW50XC91cGxvYWRzXC8yMDIzXC8wMVwvb250b2RlMS5qcGcifQ%3D%3D\">\n\t\t\t\t\t\t\t<img decoding=\"async\" width=\"450\" height=\"338\" src=\"https:\/\/botos.rs\/wp-content\/uploads\/2023\/01\/ontode1.jpg\" class=\"attachment-large size-large wp-image-1048\" alt=\"\" srcset=\"https:\/\/botos.rs\/wp-content\/uploads\/2023\/01\/ontode1.jpg 450w, https:\/\/botos.rs\/wp-content\/uploads\/2023\/01\/ontode1-300x225.jpg 300w\" sizes=\"(max-width: 450px) 100vw, 450px\" \/>\t\t\t\t\t\t\t\t<\/a>\n\t\t\t\t\t\t\t\t\t\t\t\t\t\t\t<\/div>\n\t\t\t\t<\/div>\n\t\t\t\t<div class=\"elementor-element elementor-element-61a7799 elementor-widget elementor-widget-image\" data-id=\"61a7799\" data-element_type=\"widget\" data-e-type=\"widget\" data-widget_type=\"image.default\">\n\t\t\t\t<div class=\"elementor-widget-container\">\n\t\t\t\t\t\t\t\t\t\t\t\t\t\t\t\t<a href=\"https:\/\/botos.rs\/wp-content\/uploads\/2023\/01\/ontode2.jpg\" data-elementor-open-lightbox=\"yes\" data-elementor-lightbox-title=\"ontode2\" data-e-action-hash=\"#elementor-action%3Aaction%3Dlightbox%26settings%3DeyJpZCI6MTA0NywidXJsIjoiaHR0cHM6XC9cL2JvdG9zLnJzXC93cC1jb250ZW50XC91cGxvYWRzXC8yMDIzXC8wMVwvb250b2RlMi5qcGcifQ%3D%3D\">\n\t\t\t\t\t\t\t<img decoding=\"async\" width=\"450\" height=\"338\" src=\"https:\/\/botos.rs\/wp-content\/uploads\/2023\/01\/ontode2.jpg\" class=\"attachment-large size-large wp-image-1047\" alt=\"\" srcset=\"https:\/\/botos.rs\/wp-content\/uploads\/2023\/01\/ontode2.jpg 450w, https:\/\/botos.rs\/wp-content\/uploads\/2023\/01\/ontode2-300x225.jpg 300w\" sizes=\"(max-width: 450px) 100vw, 450px\" \/>\t\t\t\t\t\t\t\t<\/a>\n\t\t\t\t\t\t\t\t\t\t\t\t\t\t\t<\/div>\n\t\t\t\t<\/div>\n\t\t\t\t\t<\/div>\n\t\t<\/div>\n\t\t\t\t<div class=\"has_eae_slider elementor-column elementor-col-33 elementor-inner-column elementor-element elementor-element-7c72e42\" data-eae-slider=\"39305\" data-id=\"7c72e42\" data-element_type=\"column\" data-e-type=\"column\">\n\t\t\t<div class=\"elementor-widget-wrap elementor-element-populated\">\n\t\t\t\t\t\t<div class=\"elementor-element elementor-element-cf44d2c elementor-widget elementor-widget-image\" data-id=\"cf44d2c\" data-element_type=\"widget\" data-e-type=\"widget\" data-widget_type=\"image.default\">\n\t\t\t\t<div class=\"elementor-widget-container\">\n\t\t\t\t\t\t\t\t\t\t\t\t\t\t\t\t<a href=\"https:\/\/botos.rs\/wp-content\/uploads\/2023\/01\/ontode3.jpg\" data-elementor-open-lightbox=\"yes\" data-elementor-lightbox-title=\"ontode3\" data-e-action-hash=\"#elementor-action%3Aaction%3Dlightbox%26settings%3DeyJpZCI6MTA0NiwidXJsIjoiaHR0cHM6XC9cL2JvdG9zLnJzXC93cC1jb250ZW50XC91cGxvYWRzXC8yMDIzXC8wMVwvb250b2RlMy5qcGcifQ%3D%3D\">\n\t\t\t\t\t\t\t<img loading=\"lazy\" decoding=\"async\" width=\"450\" height=\"582\" src=\"https:\/\/botos.rs\/wp-content\/uploads\/2023\/01\/ontode3.jpg\" class=\"attachment-large size-large wp-image-1046\" alt=\"\" srcset=\"https:\/\/botos.rs\/wp-content\/uploads\/2023\/01\/ontode3.jpg 450w, https:\/\/botos.rs\/wp-content\/uploads\/2023\/01\/ontode3-232x300.jpg 232w\" sizes=\"(max-width: 450px) 100vw, 450px\" \/>\t\t\t\t\t\t\t\t<\/a>\n\t\t\t\t\t\t\t\t\t\t\t\t\t\t\t<\/div>\n\t\t\t\t<\/div>\n\t\t\t\t\t<\/div>\n\t\t<\/div>\n\t\t\t\t\t<\/div>\n\t\t<\/section>\n\t\t\t\t\t<\/div>\n\t\t<\/div>\n\t\t\t\t\t<\/div>\n\t\t<\/section>\n\t\t\t\t<\/div>","protected":false},"excerpt":{"rendered":"<p>LIVNICA Finom\u00f6nt\u00f6d\u00e9nk 1996-ban alakult. Rendelkez\u00fcnk 25 kil\u00f3grammos indukci\u00f3s olvaszt\u00f3 k\u00e1lyh\u00e1val, valamint komplett felszerel\u00e9ssel a finom\u00f6nt\u00f6d\u00e9hez. \u00c9vente t\u00f6bb sz\u00e1z f\u00e9le term\u00e9ket gy\u00e1rtunk. \u00dczem\u00fcnkben v\u00e1llaljuk finom\u00f6ntv\u00e9nyek le\u00f6nt\u00e9s\u00e9t. Jellemz\u0151 \u00f6ntv\u00e9nyeink k\u00f6z\u00fcl bemutatunk n\u00e9h\u00e1nyat a Term\u00e9kek men\u00fcpont alatt a teljess\u00e9g ig\u00e9nye n\u00e9lk\u00fcl. Ha term\u00e9keinkr\u0151l b\u0151vebb ismertet\u0151t szeretne, k\u00e9rem \u00e9rdekl\u0151dj\u00f6n szem\u00e9lyesen, vagy egy\u00e9b el\u00e9rhet\u0151s\u00e9geinkn\u00e9l.<\/p>","protected":false},"author":1,"featured_media":2296,"parent":0,"menu_order":0,"comment_status":"closed","ping_status":"closed","template":"","meta":{"footnotes":""},"class_list":["post-77","page","type-page","status-publish","has-post-thumbnail","hentry"],"_links":{"self":[{"href":"https:\/\/botos.rs\/hu\/wp-json\/wp\/v2\/pages\/77","targetHints":{"allow":["GET"]}}],"collection":[{"href":"https:\/\/botos.rs\/hu\/wp-json\/wp\/v2\/pages"}],"about":[{"href":"https:\/\/botos.rs\/hu\/wp-json\/wp\/v2\/types\/page"}],"author":[{"embeddable":true,"href":"https:\/\/botos.rs\/hu\/wp-json\/wp\/v2\/users\/1"}],"replies":[{"embeddable":true,"href":"https:\/\/botos.rs\/hu\/wp-json\/wp\/v2\/comments?post=77"}],"version-history":[{"count":8,"href":"https:\/\/botos.rs\/hu\/wp-json\/wp\/v2\/pages\/77\/revisions"}],"predecessor-version":[{"id":2304,"href":"https:\/\/botos.rs\/hu\/wp-json\/wp\/v2\/pages\/77\/revisions\/2304"}],"wp:featuredmedia":[{"embeddable":true,"href":"https:\/\/botos.rs\/hu\/wp-json\/wp\/v2\/media\/2296"}],"wp:attachment":[{"href":"https:\/\/botos.rs\/hu\/wp-json\/wp\/v2\/media?parent=77"}],"curies":[{"name":"wp","href":"https:\/\/api.w.org\/{rel}","templated":true}]}}